{"id":2183,"date":"2021-10-01T21:03:48","date_gmt":"2021-10-01T21:03:48","guid":{"rendered":"https:\/\/dossier.com\/no\/?page_id=2183"},"modified":"2024-09-20T10:57:39","modified_gmt":"2024-09-20T10:57:39","slug":"personvernerklaering","status":"publish","type":"page","link":"https:\/\/dossier.com\/no\/personvernerklaering\/","title":{"rendered":"Privacy Policy"},"content":{"rendered":"\t\t<div data-elementor-type=\"wp-page\" data-elementor-id=\"2183\" class=\"elementor elementor-2183\" data-elementor-post-type=\"page\">\n\t\t\t\t\t\t<section data-particle_enable=\"false\" data-particle-mobile-disabled=\"false\" class=\"elementor-section elementor-top-section elementor-element elementor-element-dd3b287 elementor-section-boxed elementor-section-height-default elementor-section-height-default\" data-id=\"dd3b287\" data-element_type=\"section\" data-e-type=\"section\">\n\t\t\t\t\t\t<div class=\"elementor-container elementor-column-gap-default\">\n\t\t\t\t\t<div class=\"elementor-column elementor-col-100 elementor-top-column elementor-element elementor-element-b4900cd\" data-id=\"b4900cd\" data-element_type=\"column\" data-e-type=\"column\">\n\t\t\t<div class=\"elementor-widget-wrap elementor-element-populated\">\n\t\t\t\t\t\t<div class=\"elementor-element elementor-element-9ee1303 elementor-widget elementor-widget-heading\" data-id=\"9ee1303\" data-element_type=\"widget\" data-e-type=\"widget\" data-widget_type=\"heading.default\">\n\t\t\t\t<div class=\"elementor-widget-container\">\n\t\t\t\t\t<h4 class=\"elementor-heading-title elementor-size-default\">Privacy statement for dossiersolutions.com\/no, dossierhealthcare.com and other digital channels we use\n<\/h4>\t\t\t\t<\/div>\n\t\t\t\t<\/div>\n\t\t\t\t<div class=\"elementor-element elementor-element-282ed68 elementor-widget elementor-widget-text-editor\" data-id=\"282ed68\" data-element_type=\"widget\" data-e-type=\"widget\" data-widget_type=\"text-editor.default\">\n\t\t\t\t<div class=\"elementor-widget-container\">\n\t\t\t\t\t\t\t\t\t<p>This privacy statement describes how Dossier collects and uses information about visitors to our websites and other digital assets. The Statement contains information you have a right to access when data is collected..<\/p><p>Under the auspices of its Chief Executive Officer, Dossier is the data controller responsible for the company\u2019s processing of personal data. Visitors to our websites may voluntarily disclose personal data in connection with services such as, e.g., receiving newsletters. Unless specified otherwise, the consent of an individual serves as the grounds for processing.<\/p>\t\t\t\t\t\t\t\t<\/div>\n\t\t\t\t<\/div>\n\t\t\t\t<div class=\"elementor-element elementor-element-f22aab9 elementor-widget elementor-widget-heading\" data-id=\"f22aab9\" data-element_type=\"widget\" data-e-type=\"widget\" data-widget_type=\"heading.default\">\n\t\t\t\t<div class=\"elementor-widget-container\">\n\t\t\t\t\t<h4 class=\"elementor-heading-title elementor-size-default\">Newsletters and information from Dossier<\/h4>\t\t\t\t<\/div>\n\t\t\t\t<\/div>\n\t\t\t\t<div class=\"elementor-element elementor-element-470f4c5 elementor-widget elementor-widget-text-editor\" data-id=\"470f4c5\" data-element_type=\"widget\" data-e-type=\"widget\" data-widget_type=\"text-editor.default\">\n\t\t\t\t<div class=\"elementor-widget-container\">\n\t\t\t\t\t\t\t\t\t<p>Anyone who would like to receive such information may subscribe to newsletters from various professional fields and\/or information about Dossier events. In order for us to direct e-mails to the right individual, we need to record your name and e-mail address. So that we can invite you to current events, we also record the name of the business you work for and occasionally other information that is relevant in relation to this. This data is stored in our HubSpot CRM system so we can send the correct information as specified by the individual user. This data is not shared with other companies and is deleted once we receive notification that you no longer wish to receive information from us. The data is also deleted if we are notified that your e-mail address is no longer active.<\/p>\t\t\t\t\t\t\t\t<\/div>\n\t\t\t\t<\/div>\n\t\t\t\t<div class=\"elementor-element elementor-element-72256f8 elementor-widget elementor-widget-heading\" data-id=\"72256f8\" data-element_type=\"widget\" data-e-type=\"widget\" data-widget_type=\"heading.default\">\n\t\t\t\t<div class=\"elementor-widget-container\">\n\t\t\t\t\t<h4 class=\"elementor-heading-title elementor-size-default\">Dossier.no login<\/h4>\t\t\t\t<\/div>\n\t\t\t\t<\/div>\n\t\t\t\t<div class=\"elementor-element elementor-element-d0f6b3c elementor-widget elementor-widget-text-editor\" data-id=\"d0f6b3c\" data-element_type=\"widget\" data-e-type=\"widget\" data-widget_type=\"text-editor.default\">\n\t\t\t\t<div class=\"elementor-widget-container\">\n\t\t\t\t\t\t\t\t\t<p>It is possible to login to Dossier services at dossier.no \/ dossiersolutions.no. The user is then transferred to a special page for the username and password based on Dossier\u2019s user management practices in accordance with the applicable customer agreement. Logins to Dossier services are regulated by a special data processing agreement.<\/p>\t\t\t\t\t\t\t\t<\/div>\n\t\t\t\t<\/div>\n\t\t\t\t<div class=\"elementor-element elementor-element-3474852 elementor-widget elementor-widget-heading\" data-id=\"3474852\" data-element_type=\"widget\" data-e-type=\"widget\" data-widget_type=\"heading.default\">\n\t\t\t\t<div class=\"elementor-widget-container\">\n\t\t\t\t\t<h4 class=\"elementor-heading-title elementor-size-default\">Web analytics and cookies<\/h4>\t\t\t\t<\/div>\n\t\t\t\t<\/div>\n\t\t\t\t<div class=\"elementor-element elementor-element-ed683c1 elementor-widget elementor-widget-text-editor\" data-id=\"ed683c1\" data-element_type=\"widget\" data-e-type=\"widget\" data-widget_type=\"text-editor.default\">\n\t\t\t\t<div class=\"elementor-widget-container\">\n\t\t\t\t\t\t\t\t\t<div class=\"et_pb_column et_pb_column_1_2 et_pb_column_0  et_pb_css_mix_blend_mode_passthrough\"><div class=\"et_pb_module et_pb_text et_pb_text_0  et_pb_text_align_left et_pb_bg_layout_light\"><div class=\"et_pb_text_inner\"><div><p>As an important part of producing a user-friendly website, we analyze the behavior of users visiting our website. To analyze this data, we use the Google Analytics analysis tool.<\/p><\/div><\/div><\/div><\/div><div class=\"et_pb_column et_pb_column_1_2 et_pb_column_1  et_pb_css_mix_blend_mode_passthrough et-last-child\"><div class=\"et_pb_module et_pb_text et_pb_text_1  et_pb_text_align_left et_pb_bg_layout_light\"><div class=\"et_pb_text_inner\"><p>Google Analytics uses cookies (small text files that the website stores on the user\u2019s computer) that record the user\u2019s IP address and provide information about the websites a specific user visits online. Examples of information these statistics provide include: how many people visit various pages, how long each visit lasts, which websites users arrive from, and which browsers are being used. None of the cookies allow us to associate information about your use of the website to you as an individual.<\/p><p>The data collected by Google Analytics is stored on Google\u2019s servers in the US. Any information received is subject to Google\u2019s privacy guidelines.<\/p><p>An IP address is defined as personal data since it can be traced back to a specific device and thereby to an individual. Difi (the Norwegian Agency for Public Management and eGovernment) uses a Google Analytics\u2019 tracking code, which anonymizes the IP address before the data is stored and processed by Google. This prevents the stored IP address from being able to be used to identify a specific user.<\/p><\/div><\/div><\/div>\t\t\t\t\t\t\t\t<\/div>\n\t\t\t\t<\/div>\n\t\t\t\t<div class=\"elementor-element elementor-element-eeb9406 elementor-widget elementor-widget-heading\" data-id=\"eeb9406\" data-element_type=\"widget\" data-e-type=\"widget\" data-widget_type=\"heading.default\">\n\t\t\t\t<div class=\"elementor-widget-container\">\n\t\t\t\t\t<h4 class=\"elementor-heading-title elementor-size-default\">Search<\/h4>\t\t\t\t<\/div>\n\t\t\t\t<\/div>\n\t\t\t\t<div class=\"elementor-element elementor-element-8df7131 elementor-widget elementor-widget-text-editor\" data-id=\"8df7131\" data-element_type=\"widget\" data-e-type=\"widget\" data-widget_type=\"text-editor.default\">\n\t\t\t\t<div class=\"elementor-widget-container\">\n\t\t\t\t\t\t\t\t\t<p>Dossier stores data in Google Analytics on which search terms users use on our websites. The purpose of storing this data is to improve the quality of the information that we provide. The search usage pattern is stored in aggregate form. Only the search terms are stored and they cannot be tied to other user data, such as IP addresses.<\/p>\t\t\t\t\t\t\t\t<\/div>\n\t\t\t\t<\/div>\n\t\t\t\t<div class=\"elementor-element elementor-element-6bd7461 elementor-widget elementor-widget-heading\" data-id=\"6bd7461\" data-element_type=\"widget\" data-e-type=\"widget\" data-widget_type=\"heading.default\">\n\t\t\t\t<div class=\"elementor-widget-container\">\n\t\t\t\t\t<h4 class=\"elementor-heading-title elementor-size-default\">Page and service functionality<\/h4>\t\t\t\t<\/div>\n\t\t\t\t<\/div>\n\t\t\t\t<div class=\"elementor-element elementor-element-5d2a857 elementor-widget elementor-widget-text-editor\" data-id=\"5d2a857\" data-element_type=\"widget\" data-e-type=\"widget\" data-widget_type=\"text-editor.default\">\n\t\t\t\t<div class=\"elementor-widget-container\">\n\t\t\t\t\t\t\t\t\t<div id=\"main-content\"><article id=\"post-3996\" class=\"post-3996 page type-page status-publish hentry\"><div class=\"entry-content\"><div id=\"et-boc\" class=\"et-boc\"><div class=\"et-l et-l--post\"><div class=\"et_builder_inner_content et_pb_gutters3\"><div class=\"et_pb_section et_pb_section_0 et_section_regular\"><div class=\"et_pb_row et_pb_row_0\"><div class=\"et_pb_column et_pb_column_1_2 et_pb_column_1  et_pb_css_mix_blend_mode_passthrough et-last-child\"><div class=\"et_pb_module et_pb_text et_pb_text_1  et_pb_text_align_left et_pb_bg_layout_light\"><div class=\"et_pb_text_inner\"><p>Cookies are used to process and present data from websites. Such cookies may contain information about the language code for the language selected by the user. There may also be cookies containing data that supports system load balancing so that all users are assured the best experience possible. Services requiring login or search functionality may use cookies to ensure that the service presents data to the right recipient.<\/p><\/div><\/div><\/div><\/div><\/div><\/div><\/div><\/div><\/div><\/article><\/div>\t\t\t\t\t\t\t\t<\/div>\n\t\t\t\t<\/div>\n\t\t\t\t<div class=\"elementor-element elementor-element-b61c0af elementor-widget elementor-widget-heading\" data-id=\"b61c0af\" data-element_type=\"widget\" data-e-type=\"widget\" data-widget_type=\"heading.default\">\n\t\t\t\t<div class=\"elementor-widget-container\">\n\t\t\t\t\t<h4 class=\"elementor-heading-title elementor-size-default\">Mobile Information and Third-Party Sharing<\/h4>\t\t\t\t<\/div>\n\t\t\t\t<\/div>\n\t\t\t\t<div class=\"elementor-element elementor-element-3a60a37 elementor-widget elementor-widget-text-editor\" data-id=\"3a60a37\" data-element_type=\"widget\" data-e-type=\"widget\" data-widget_type=\"text-editor.default\">\n\t\t\t\t<div class=\"elementor-widget-container\">\n\t\t\t\t\t\t\t\t\t<div id=\"main-content\"><article id=\"post-3996\" class=\"post-3996 page type-page status-publish hentry\"><div class=\"entry-content\"><div id=\"et-boc\" class=\"et-boc\"><div class=\"et-l et-l--post\"><div class=\"et_builder_inner_content et_pb_gutters3\"><div class=\"et_pb_section et_pb_section_0 et_section_regular\"><div class=\"et_pb_row et_pb_row_0\"><div class=\"et_pb_column et_pb_column_1_2 et_pb_column_1 et_pb_css_mix_blend_mode_passthrough et-last-child\"><div class=\"et_pb_module et_pb_text et_pb_text_1 et_pb_text_align_left et_pb_bg_layout_light\"><div class=\"et_pb_text_inner\"><p>We are committed to protecting your privacy and ensuring that your mobile information, including but not limited to phone numbers, mobile device details, and usage data, is kept secure. We do not share, sell, or disclose your mobile information to third parties, affiliates, or external organizations for marketing or promotional purposes functionality may use cookies to ensure that the service presents data to the right recipient.<\/p><\/div><\/div><\/div><\/div><\/div><\/div><\/div><\/div><\/div><\/article><\/div>\t\t\t\t\t\t\t\t<\/div>\n\t\t\t\t<\/div>\n\t\t\t\t\t<\/div>\n\t\t<\/div>\n\t\t\t\t\t<\/div>\n\t\t<\/section>\n\t\t\t\t<\/div>\n\t\t","protected":false},"excerpt":{"rendered":"<p>Privacy statement for dossiersolutions.com\/no, dossierhealthcare.com and other digital channels we use This privacy statement describes how Dossier collects and uses information about visitors to our websites and other digital assets. The Statement contains information you have a right to access when data is collected.. Under the auspices of its Chief Executive Officer, Dossier is the [&hellip;]<\/p>\n","protected":false},"author":4,"featured_media":0,"parent":0,"menu_order":0,"comment_status":"closed","ping_status":"closed","template":"","meta":{"content-type":"","footnotes":""},"class_list":["post-2183","page","type-page","status-publish","hentry"],"yoast_head":"<!-- This site is optimized with the Yoast SEO plugin v26.0 - https:\/\/yoast.com\/wordpress\/plugins\/seo\/ -->\n<title>Our Competency Management Platform Privacy Policy<\/title>\n<meta name=\"description\" content=\"Trykk her for \u00e5 l\u00e6re mer om v\u00e5re retningslinjer for personvern og databahandling\" \/>\n<meta name=\"robots\" content=\"index, follow, max-snippet:-1, max-image-preview:large, max-video-preview:-1\" \/>\n<link rel=\"canonical\" href=\"https:\/\/dossier.com\/no\/personvernerklaering\/\" \/>\n<meta property=\"og:locale\" content=\"en_US\" \/>\n<meta property=\"og:type\" content=\"article\" \/>\n<meta property=\"og:title\" content=\"Our Competency Management Platform Privacy Policy\" \/>\n<meta property=\"og:description\" content=\"Trykk her for \u00e5 l\u00e6re mer om v\u00e5re retningslinjer for personvern og databahandling\" \/>\n<meta property=\"og:url\" content=\"https:\/\/dossier.com\/no\/personvernerklaering\/\" \/>\n<meta property=\"og:site_name\" content=\"Dossier NO\" \/>\n<meta property=\"article:modified_time\" content=\"2024-09-20T10:57:39+00:00\" \/>\n<meta name=\"twitter:card\" content=\"summary_large_image\" \/>\n<meta name=\"twitter:label1\" content=\"Est. reading time\" \/>\n\t<meta name=\"twitter:data1\" content=\"4 minutes\" \/>\n<script type=\"application\/ld+json\" class=\"yoast-schema-graph\">{\"@context\":\"https:\/\/schema.org\",\"@graph\":[{\"@type\":\"WebPage\",\"@id\":\"https:\/\/dossier.com\/no\/personvernerklaering\/\",\"url\":\"https:\/\/dossier.com\/no\/personvernerklaering\/\",\"name\":\"Our Competency Management Platform Privacy Policy\",\"isPartOf\":{\"@id\":\"https:\/\/dossier.com\/no\/#website\"},\"datePublished\":\"2021-10-01T21:03:48+00:00\",\"dateModified\":\"2024-09-20T10:57:39+00:00\",\"description\":\"Trykk her for \u00e5 l\u00e6re mer om v\u00e5re retningslinjer for personvern og databahandling\",\"breadcrumb\":{\"@id\":\"https:\/\/dossier.com\/no\/personvernerklaering\/#breadcrumb\"},\"inLanguage\":\"en-US\",\"potentialAction\":[{\"@type\":\"ReadAction\",\"target\":[\"https:\/\/dossier.com\/no\/personvernerklaering\/\"]}]},{\"@type\":\"BreadcrumbList\",\"@id\":\"https:\/\/dossier.com\/no\/personvernerklaering\/#breadcrumb\",\"itemListElement\":[{\"@type\":\"ListItem\",\"position\":1,\"name\":\"Home\",\"item\":\"https:\/\/dossier.com\/no\/\"},{\"@type\":\"ListItem\",\"position\":2,\"name\":\"Privacy Policy\"}]},{\"@type\":\"WebSite\",\"@id\":\"https:\/\/dossier.com\/no\/#website\",\"url\":\"https:\/\/dossier.com\/no\/\",\"name\":\"Dossier NO\",\"description\":\"Healthcare Competency Management\",\"publisher\":{\"@id\":\"https:\/\/dossier.com\/no\/#organization\"},\"potentialAction\":[{\"@type\":\"SearchAction\",\"target\":{\"@type\":\"EntryPoint\",\"urlTemplate\":\"https:\/\/dossier.com\/no\/?s={search_term_string}\"},\"query-input\":{\"@type\":\"PropertyValueSpecification\",\"valueRequired\":true,\"valueName\":\"search_term_string\"}}],\"inLanguage\":\"en-US\"},{\"@type\":\"Organization\",\"@id\":\"https:\/\/dossier.com\/no\/#organization\",\"name\":\"Dossier NO\",\"url\":\"https:\/\/dossier.com\/no\/\",\"logo\":{\"@type\":\"ImageObject\",\"inLanguage\":\"en-US\",\"@id\":\"https:\/\/dossier.com\/no\/#\/schema\/logo\/image\/\",\"url\":\"https:\/\/dossier.com\/no\/wp-content\/uploads\/sites\/7\/2021\/11\/Dossier_Favicon_Grey_Transparent.svg\",\"contentUrl\":\"https:\/\/dossier.com\/no\/wp-content\/uploads\/sites\/7\/2021\/11\/Dossier_Favicon_Grey_Transparent.svg\",\"width\":512,\"height\":512,\"caption\":\"Dossier NO\"},\"image\":{\"@id\":\"https:\/\/dossier.com\/no\/#\/schema\/logo\/image\/\"}}]}<\/script>\n<!-- \/ Yoast SEO plugin. -->","yoast_head_json":{"title":"Our Competency Management Platform Privacy Policy","description":"Trykk her for \u00e5 l\u00e6re mer om v\u00e5re retningslinjer for personvern og databahandling","robots":{"index":"index","follow":"follow","max-snippet":"max-snippet:-1","max-image-preview":"max-image-preview:large","max-video-preview":"max-video-preview:-1"},"canonical":"https:\/\/dossier.com\/no\/personvernerklaering\/","og_locale":"en_US","og_type":"article","og_title":"Our Competency Management Platform Privacy Policy","og_description":"Trykk her for \u00e5 l\u00e6re mer om v\u00e5re retningslinjer for personvern og databahandling","og_url":"https:\/\/dossier.com\/no\/personvernerklaering\/","og_site_name":"Dossier NO","article_modified_time":"2024-09-20T10:57:39+00:00","twitter_card":"summary_large_image","twitter_misc":{"Est. reading time":"4 minutes"},"schema":{"@context":"https:\/\/schema.org","@graph":[{"@type":"WebPage","@id":"https:\/\/dossier.com\/no\/personvernerklaering\/","url":"https:\/\/dossier.com\/no\/personvernerklaering\/","name":"Our Competency Management Platform Privacy Policy","isPartOf":{"@id":"https:\/\/dossier.com\/no\/#website"},"datePublished":"2021-10-01T21:03:48+00:00","dateModified":"2024-09-20T10:57:39+00:00","description":"Trykk her for \u00e5 l\u00e6re mer om v\u00e5re retningslinjer for personvern og databahandling","breadcrumb":{"@id":"https:\/\/dossier.com\/no\/personvernerklaering\/#breadcrumb"},"inLanguage":"en-US","potentialAction":[{"@type":"ReadAction","target":["https:\/\/dossier.com\/no\/personvernerklaering\/"]}]},{"@type":"BreadcrumbList","@id":"https:\/\/dossier.com\/no\/personvernerklaering\/#breadcrumb","itemListElement":[{"@type":"ListItem","position":1,"name":"Home","item":"https:\/\/dossier.com\/no\/"},{"@type":"ListItem","position":2,"name":"Privacy Policy"}]},{"@type":"WebSite","@id":"https:\/\/dossier.com\/no\/#website","url":"https:\/\/dossier.com\/no\/","name":"Dossier NO","description":"Healthcare Competency Management","publisher":{"@id":"https:\/\/dossier.com\/no\/#organization"},"potentialAction":[{"@type":"SearchAction","target":{"@type":"EntryPoint","urlTemplate":"https:\/\/dossier.com\/no\/?s={search_term_string}"},"query-input":{"@type":"PropertyValueSpecification","valueRequired":true,"valueName":"search_term_string"}}],"inLanguage":"en-US"},{"@type":"Organization","@id":"https:\/\/dossier.com\/no\/#organization","name":"Dossier NO","url":"https:\/\/dossier.com\/no\/","logo":{"@type":"ImageObject","inLanguage":"en-US","@id":"https:\/\/dossier.com\/no\/#\/schema\/logo\/image\/","url":"https:\/\/dossier.com\/no\/wp-content\/uploads\/sites\/7\/2021\/11\/Dossier_Favicon_Grey_Transparent.svg","contentUrl":"https:\/\/dossier.com\/no\/wp-content\/uploads\/sites\/7\/2021\/11\/Dossier_Favicon_Grey_Transparent.svg","width":512,"height":512,"caption":"Dossier NO"},"image":{"@id":"https:\/\/dossier.com\/no\/#\/schema\/logo\/image\/"}}]}},"_links":{"self":[{"href":"https:\/\/dossier.com\/no\/wp-json\/wp\/v2\/pages\/2183","targetHints":{"allow":["GET"]}}],"collection":[{"href":"https:\/\/dossier.com\/no\/wp-json\/wp\/v2\/pages"}],"about":[{"href":"https:\/\/dossier.com\/no\/wp-json\/wp\/v2\/types\/page"}],"author":[{"embeddable":true,"href":"https:\/\/dossier.com\/no\/wp-json\/wp\/v2\/users\/4"}],"replies":[{"embeddable":true,"href":"https:\/\/dossier.com\/no\/wp-json\/wp\/v2\/comments?post=2183"}],"version-history":[{"count":0,"href":"https:\/\/dossier.com\/no\/wp-json\/wp\/v2\/pages\/2183\/revisions"}],"wp:attachment":[{"href":"https:\/\/dossier.com\/no\/wp-json\/wp\/v2\/media?parent=2183"}],"curies":[{"name":"wp","href":"https:\/\/api.w.org\/{rel}","templated":true}]}}