{"id":654,"date":"2021-09-15T17:39:38","date_gmt":"2021-09-15T17:39:38","guid":{"rendered":"https:\/\/dossier.com\/no\/?page_id=654"},"modified":"2023-10-02T09:01:28","modified_gmt":"2023-10-02T09:01:28","slug":"demo","status":"publish","type":"page","link":"https:\/\/dossier.com\/no\/demo\/","title":{"rendered":"Book en demo"},"content":{"rendered":"\t\t<div data-elementor-type=\"wp-page\" data-elementor-id=\"654\" class=\"elementor elementor-654\" data-elementor-post-type=\"page\">\n\t\t\t\t\t\t<section data-particle_enable=\"false\" data-particle-mobile-disabled=\"false\" class=\"elementor-section elementor-top-section elementor-element elementor-element-352f4a2 elementor-section-boxed elementor-section-height-default elementor-section-height-default\" data-id=\"352f4a2\" data-element_type=\"section\" data-e-type=\"section\">\n\t\t\t\t\t\t<div class=\"elementor-container elementor-column-gap-default\">\n\t\t\t\t\t<div class=\"elementor-column elementor-col-100 elementor-top-column elementor-element elementor-element-169a04d\" data-id=\"169a04d\" data-element_type=\"column\" data-e-type=\"column\">\n\t\t\t<div class=\"elementor-widget-wrap elementor-element-populated\">\n\t\t\t\t\t\t<div class=\"elementor-element elementor-element-f77e001 elementor-widget elementor-widget-html\" data-id=\"f77e001\" data-element_type=\"widget\" data-e-type=\"widget\" data-widget_type=\"html.default\">\n\t\t\t\t<div class=\"elementor-widget-container\">\n\t\t\t\t\t<!-- Start of Meetings Embed Script -->\n    <div class=\"meetings-iframe-container\" data-src=\"https:\/\/meetings.hubspot.com\/hawkins2\/book-a-demo-us-website?embed=true\"><\/div>\n    <script type=\"text\/javascript\" src=\"https:\/\/static.hsappstatic.net\/MeetingsEmbed\/ex\/MeetingsEmbedCode.js\"><\/script>\n  <!-- End of Meetings Embed Script -->\t\t\t\t<\/div>\n\t\t\t\t<\/div>\n\t\t\t\t\t<\/div>\n\t\t<\/div>\n\t\t\t\t\t<\/div>\n\t\t<\/section>\n\t\t\t\t<\/div>\n\t\t","protected":false},"excerpt":{"rendered":"","protected":false},"author":4,"featured_media":0,"parent":0,"menu_order":0,"comment_status":"closed","ping_status":"closed","template":"","meta":{"content-type":"","footnotes":""},"class_list":["post-654","page","type-page","status-publish","hentry"],"yoast_head":"<!-- This site is optimized with the Yoast SEO plugin v26.0 - https:\/\/yoast.com\/wordpress\/plugins\/seo\/ -->\n<title>Book en demo for \u00e5 l\u00e6re mer<\/title>\n<meta name=\"description\" content=\"Trykk her for \u00e5 booke en demo av Dossier kompetanseplattform\" \/>\n<meta name=\"robots\" content=\"index, follow, max-snippet:-1, max-image-preview:large, max-video-preview:-1\" \/>\n<link rel=\"canonical\" href=\"https:\/\/dossier.com\/no\/demo\/\" \/>\n<meta property=\"og:locale\" content=\"en_US\" \/>\n<meta property=\"og:type\" content=\"article\" \/>\n<meta property=\"og:title\" content=\"Book en demo for \u00e5 l\u00e6re mer\" \/>\n<meta property=\"og:description\" content=\"Trykk her for \u00e5 booke en demo av Dossier kompetanseplattform\" \/>\n<meta property=\"og:url\" content=\"https:\/\/dossier.com\/no\/demo\/\" \/>\n<meta property=\"og:site_name\" content=\"Dossier NO\" \/>\n<meta property=\"article:modified_time\" content=\"2023-10-02T09:01:28+00:00\" \/>\n<meta name=\"twitter:card\" content=\"summary_large_image\" \/>\n<script type=\"application\/ld+json\" class=\"yoast-schema-graph\">{\"@context\":\"https:\/\/schema.org\",\"@graph\":[{\"@type\":\"WebPage\",\"@id\":\"https:\/\/dossier.com\/no\/demo\/\",\"url\":\"https:\/\/dossier.com\/no\/demo\/\",\"name\":\"Book en demo for \u00e5 l\u00e6re mer\",\"isPartOf\":{\"@id\":\"https:\/\/dossier.com\/no\/#website\"},\"datePublished\":\"2021-09-15T17:39:38+00:00\",\"dateModified\":\"2023-10-02T09:01:28+00:00\",\"description\":\"Trykk her for \u00e5 booke en demo av Dossier kompetanseplattform\",\"breadcrumb\":{\"@id\":\"https:\/\/dossier.com\/no\/demo\/#breadcrumb\"},\"inLanguage\":\"en-US\",\"potentialAction\":[{\"@type\":\"ReadAction\",\"target\":[\"https:\/\/dossier.com\/no\/demo\/\"]}]},{\"@type\":\"BreadcrumbList\",\"@id\":\"https:\/\/dossier.com\/no\/demo\/#breadcrumb\",\"itemListElement\":[{\"@type\":\"ListItem\",\"position\":1,\"name\":\"Home\",\"item\":\"https:\/\/dossier.com\/no\/\"},{\"@type\":\"ListItem\",\"position\":2,\"name\":\"Book en demo\"}]},{\"@type\":\"WebSite\",\"@id\":\"https:\/\/dossier.com\/no\/#website\",\"url\":\"https:\/\/dossier.com\/no\/\",\"name\":\"Dossier NO\",\"description\":\"Healthcare Competency Management\",\"publisher\":{\"@id\":\"https:\/\/dossier.com\/no\/#organization\"},\"potentialAction\":[{\"@type\":\"SearchAction\",\"target\":{\"@type\":\"EntryPoint\",\"urlTemplate\":\"https:\/\/dossier.com\/no\/?s={search_term_string}\"},\"query-input\":{\"@type\":\"PropertyValueSpecification\",\"valueRequired\":true,\"valueName\":\"search_term_string\"}}],\"inLanguage\":\"en-US\"},{\"@type\":\"Organization\",\"@id\":\"https:\/\/dossier.com\/no\/#organization\",\"name\":\"Dossier NO\",\"url\":\"https:\/\/dossier.com\/no\/\",\"logo\":{\"@type\":\"ImageObject\",\"inLanguage\":\"en-US\",\"@id\":\"https:\/\/dossier.com\/no\/#\/schema\/logo\/image\/\",\"url\":\"https:\/\/dossier.com\/no\/wp-content\/uploads\/sites\/7\/2021\/11\/Dossier_Favicon_Grey_Transparent.svg\",\"contentUrl\":\"https:\/\/dossier.com\/no\/wp-content\/uploads\/sites\/7\/2021\/11\/Dossier_Favicon_Grey_Transparent.svg\",\"width\":512,\"height\":512,\"caption\":\"Dossier NO\"},\"image\":{\"@id\":\"https:\/\/dossier.com\/no\/#\/schema\/logo\/image\/\"}}]}<\/script>\n<!-- \/ Yoast SEO plugin. -->","yoast_head_json":{"title":"Book en demo for \u00e5 l\u00e6re mer","description":"Trykk her for \u00e5 booke en demo av Dossier kompetanseplattform","robots":{"index":"index","follow":"follow","max-snippet":"max-snippet:-1","max-image-preview":"max-image-preview:large","max-video-preview":"max-video-preview:-1"},"canonical":"https:\/\/dossier.com\/no\/demo\/","og_locale":"en_US","og_type":"article","og_title":"Book en demo for \u00e5 l\u00e6re mer","og_description":"Trykk her for \u00e5 booke en demo av Dossier kompetanseplattform","og_url":"https:\/\/dossier.com\/no\/demo\/","og_site_name":"Dossier NO","article_modified_time":"2023-10-02T09:01:28+00:00","twitter_card":"summary_large_image","schema":{"@context":"https:\/\/schema.org","@graph":[{"@type":"WebPage","@id":"https:\/\/dossier.com\/no\/demo\/","url":"https:\/\/dossier.com\/no\/demo\/","name":"Book en demo for \u00e5 l\u00e6re mer","isPartOf":{"@id":"https:\/\/dossier.com\/no\/#website"},"datePublished":"2021-09-15T17:39:38+00:00","dateModified":"2023-10-02T09:01:28+00:00","description":"Trykk her for \u00e5 booke en demo av Dossier kompetanseplattform","breadcrumb":{"@id":"https:\/\/dossier.com\/no\/demo\/#breadcrumb"},"inLanguage":"en-US","potentialAction":[{"@type":"ReadAction","target":["https:\/\/dossier.com\/no\/demo\/"]}]},{"@type":"BreadcrumbList","@id":"https:\/\/dossier.com\/no\/demo\/#breadcrumb","itemListElement":[{"@type":"ListItem","position":1,"name":"Home","item":"https:\/\/dossier.com\/no\/"},{"@type":"ListItem","position":2,"name":"Book en demo"}]},{"@type":"WebSite","@id":"https:\/\/dossier.com\/no\/#website","url":"https:\/\/dossier.com\/no\/","name":"Dossier NO","description":"Healthcare Competency Management","publisher":{"@id":"https:\/\/dossier.com\/no\/#organization"},"potentialAction":[{"@type":"SearchAction","target":{"@type":"EntryPoint","urlTemplate":"https:\/\/dossier.com\/no\/?s={search_term_string}"},"query-input":{"@type":"PropertyValueSpecification","valueRequired":true,"valueName":"search_term_string"}}],"inLanguage":"en-US"},{"@type":"Organization","@id":"https:\/\/dossier.com\/no\/#organization","name":"Dossier NO","url":"https:\/\/dossier.com\/no\/","logo":{"@type":"ImageObject","inLanguage":"en-US","@id":"https:\/\/dossier.com\/no\/#\/schema\/logo\/image\/","url":"https:\/\/dossier.com\/no\/wp-content\/uploads\/sites\/7\/2021\/11\/Dossier_Favicon_Grey_Transparent.svg","contentUrl":"https:\/\/dossier.com\/no\/wp-content\/uploads\/sites\/7\/2021\/11\/Dossier_Favicon_Grey_Transparent.svg","width":512,"height":512,"caption":"Dossier NO"},"image":{"@id":"https:\/\/dossier.com\/no\/#\/schema\/logo\/image\/"}}]}},"_links":{"self":[{"href":"https:\/\/dossier.com\/no\/wp-json\/wp\/v2\/pages\/654","targetHints":{"allow":["GET"]}}],"collection":[{"href":"https:\/\/dossier.com\/no\/wp-json\/wp\/v2\/pages"}],"about":[{"href":"https:\/\/dossier.com\/no\/wp-json\/wp\/v2\/types\/page"}],"author":[{"embeddable":true,"href":"https:\/\/dossier.com\/no\/wp-json\/wp\/v2\/users\/4"}],"replies":[{"embeddable":true,"href":"https:\/\/dossier.com\/no\/wp-json\/wp\/v2\/comments?post=654"}],"version-history":[{"count":0,"href":"https:\/\/dossier.com\/no\/wp-json\/wp\/v2\/pages\/654\/revisions"}],"wp:attachment":[{"href":"https:\/\/dossier.com\/no\/wp-json\/wp\/v2\/media?parent=654"}],"curies":[{"name":"wp","href":"https:\/\/api.w.org\/{rel}","templated":true}]}}